{"id":2849,"date":"2020-01-05T00:12:47","date_gmt":"2020-01-05T05:12:47","guid":{"rendered":"http:\/\/www.mygiantpanda.com\/xzw\/?page_id=2849"},"modified":"2023-05-10T14:39:18","modified_gmt":"2023-05-10T18:39:18","slug":"chinese-sentences","status":"publish","type":"page","link":"http:\/\/www.mygiantpanda.com\/xzw\/chinese-sentences\/","title":{"rendered":"\u4e2d\u6587\u4f8b\u53e5\u5b66\u4e60 Chinese Sentences"},"content":{"rendered":"<hr \/>\n<p>\u60e9\u7f5a\u00a0[ch\u00e9ng f\u00e1]<br \/>\npunishment<br \/>\n\u2014\u2014\u2014\u2014\u2014\u2014\u2014\u2014\u2014\u2014\u2014\u2014\u2014\u2014\u2014\u2014\u2014\u2014\u2014\u2014\u2014\u2014\u2014<br \/>\nxi\u01ceo t\u014du sh\u00f2u d\u00e0o le y\u012bng y\u01d2u de ch\u00e9ng f\u00e1 .<br \/>\n\u5c0f\u5077\u53d7\u5230\u4e86\u5e94\u6709\u7684\u60e9\u7f5a\u3002<br \/>\nThe thief was punished as he deserved.<\/p>\n<hr \/>\n<p>\u548c\u597d\u00a0[h\u00e9 h\u01ceo]<br \/>\nrestore good relations<br \/>\n\u2014\u2014\u2014\u2014\u2014\u2014\u2014\u2014\u2014\u2014\u2014\u2014\u2014\u2014\u2014\u2014\u2014\u2014\u2014\u2014\u2014\u2014\u2014<br \/>\nt\u0101 men ch\u01ceo gu\u00f2 ji\u00e0 , xi\u00e0n z\u00e0i h\u00e9 h\u01ceo le<br \/>\n\u4ed6\u4eec\u5435\u8fc7\u67b6\uff0c\u73b0\u5728\u548c\u597d\u4e86\u3002<br \/>\nThey had a quarrel, but have made it up now.<\/p>\n<hr \/>\n","protected":false},"excerpt":{"rendered":"<p>\u60e9\u7f5a\u00a0[ch\u00e9ng f\u00e1] punishment \u2014\u2014\u2014\u2014\u2014\u2014\u2014\u2014\u2014\u2014\u2014\u2014\u2014\u2014\u2014\u2014\u2014\u2014\u2014\u2014\u2014\u2014\u2014 xi\u01ceo t\u014du sh\u00f2u d\u00e0o le y\u012bng y\u01d2u de ch\u00e9ng f\u00e1 . \u5c0f\u5077\u53d7\u5230\u4e86\u5e94\u6709\u7684\u60e9\u7f5a\u3002 The thief was punished as he deserved. \u548c\u597d\u00a0[h\u00e9 h\u01ceo] restore good relations \u2014\u2014\u2014\u2014\u2014\u2014\u2014\u2014\u2014\u2014\u2014\u2014\u2014\u2014\u2014\u2014\u2014\u2014\u2014\u2014\u2014\u2014\u2014 t\u0101 men ch\u01ceo gu\u00f2 ji\u00e0 , xi\u00e0n z\u00e0i h\u00e9 h\u01ceo le \u4ed6\u4eec\u5435\u8fc7\u67b6\uff0c\u73b0\u5728\u548c\u597d\u4e86\u3002 They had a quarrel, but have made it up now.<\/p>\n","protected":false},"author":1,"featured_media":0,"parent":0,"menu_order":3,"comment_status":"closed","ping_status":"closed","template":"","meta":{"footnotes":""},"class_list":["post-2849","page","type-page","status-publish"],"_links":{"self":[{"href":"http:\/\/www.mygiantpanda.com\/xzw\/wp-json\/wp\/v2\/pages\/2849","targetHints":{"allow":["GET"]}}],"collection":[{"href":"http:\/\/www.mygiantpanda.com\/xzw\/wp-json\/wp\/v2\/pages"}],"about":[{"href":"http:\/\/www.mygiantpanda.com\/xzw\/wp-json\/wp\/v2\/types\/page"}],"author":[{"embeddable":true,"href":"http:\/\/www.mygiantpanda.com\/xzw\/wp-json\/wp\/v2\/users\/1"}],"replies":[{"embeddable":true,"href":"http:\/\/www.mygiantpanda.com\/xzw\/wp-json\/wp\/v2\/comments?post=2849"}],"version-history":[{"count":0,"href":"http:\/\/www.mygiantpanda.com\/xzw\/wp-json\/wp\/v2\/pages\/2849\/revisions"}],"wp:attachment":[{"href":"http:\/\/www.mygiantpanda.com\/xzw\/wp-json\/wp\/v2\/media?parent=2849"}],"curies":[{"name":"wp","href":"https:\/\/api.w.org\/{rel}","templated":true}]}}